{"id":205,"date":"2025-04-29T22:08:36","date_gmt":"2025-04-29T19:08:36","guid":{"rendered":"https:\/\/kalepanjur.com\/?page_id=205"},"modified":"2025-04-29T22:21:00","modified_gmt":"2025-04-29T19:21:00","slug":"kalepanjur-iletisim","status":"publish","type":"page","link":"https:\/\/kalepanjur.com\/index.php\/kalepanjur-iletisim\/","title":{"rendered":"Kalepanjur \u0130leti\u015fim"},"content":{"rendered":"\n<p><\/p>\n\n\n\n<h1 class=\"wp-block-heading\">\u0130leti\u015fime Ge\u00e7in<\/h1>\n\n\n\n<p><strong>Adres<\/strong><br><br>Cumhuriyet, Cumhuriyet Caddesi Cumhuriyet Mahallesi 1.Sanayi Sit, 1160. Sk. No:1\/A, 09270 Didim\/Ayd\u0131n<br><br><br><strong>\u0130leti\u015fime Ge\u00e7in<\/strong><\/p>\n\n\n\n<p>&nbsp;didimkalepanjur@gmail.com<\/p>\n\n\n\n<p>\u00a0<a href=\"tel:05392157042\">05392157042<\/a><\/p>\n\n\n\n<p>YUNUS KO\u00c7&nbsp;<\/p>\n\n\n\n<hr class=\"wp-block-separator has-alpha-channel-opacity\"\/>\n\n\n\n<p>Kalepanjur Sistemleri Her hakk\u0131 sakl\u0131d\u0131r.<\/p>\n\n\n\n<p><\/p>\n\n\n\n<p><a href=\"https:\/\/www.facebook.com\/\" target=\"_blank\" rel=\"noreferrer noopener\"><\/a><\/p>\n","protected":false},"excerpt":{"rendered":"<p>\u0130leti\u015fime Ge\u00e7in Adres Cumhuriyet, Cumhuriyet Caddesi Cumhuriyet Mahallesi 1.Sanayi Sit, 1160. Sk. No:1\/A, 09270 Didim\/Ayd\u0131n \u0130leti\u015fime Ge\u00e7in &nbsp;didimkalepanjur@gmail.com \u00a005392157042 YUNUS KO\u00c7&nbsp; Kalepanjur Sistemleri Her hakk\u0131 sakl\u0131d\u0131r.<\/p>\n","protected":false},"author":2,"featured_media":0,"parent":0,"menu_order":0,"comment_status":"closed","ping_status":"closed","template":"","meta":{"footnotes":""},"class_list":["post-205","page","type-page","status-publish","hentry"],"_links":{"self":[{"href":"https:\/\/kalepanjur.com\/index.php\/wp-json\/wp\/v2\/pages\/205","targetHints":{"allow":["GET"]}}],"collection":[{"href":"https:\/\/kalepanjur.com\/index.php\/wp-json\/wp\/v2\/pages"}],"about":[{"href":"https:\/\/kalepanjur.com\/index.php\/wp-json\/wp\/v2\/types\/page"}],"author":[{"embeddable":true,"href":"https:\/\/kalepanjur.com\/index.php\/wp-json\/wp\/v2\/users\/2"}],"replies":[{"embeddable":true,"href":"https:\/\/kalepanjur.com\/index.php\/wp-json\/wp\/v2\/comments?post=205"}],"version-history":[{"count":7,"href":"https:\/\/kalepanjur.com\/index.php\/wp-json\/wp\/v2\/pages\/205\/revisions"}],"predecessor-version":[{"id":215,"href":"https:\/\/kalepanjur.com\/index.php\/wp-json\/wp\/v2\/pages\/205\/revisions\/215"}],"wp:attachment":[{"href":"https:\/\/kalepanjur.com\/index.php\/wp-json\/wp\/v2\/media?parent=205"}],"curies":[{"name":"wp","href":"https:\/\/api.w.org\/{rel}","templated":true}]}}